{"id":19,"date":"2018-01-17T13:14:05","date_gmt":"2018-01-17T13:14:05","guid":{"rendered":"https:\/\/centrodeuroginecologia.com\/?page_id=19"},"modified":"2021-12-21T15:22:43","modified_gmt":"2021-12-21T20:22:43","slug":"home","status":"publish","type":"page","link":"https:\/\/centrodeuroginecologia.com\/en\/","title":{"rendered":"Home"},"content":{"rendered":"<p><\/p>\n<div class=\"banner-section col-lg-12 col-md-12 col-sm-12\">\n<div class=\"banner-img col-lg-9 col-md-9 col-sm-9\"><noscript><style type=\"text\/css\">.easingslider-18 .easingslider-preload { display: none; } .easingslider-18 .easingslider-slide { display: none; } .easingslider-18 .easingslider-slide-1 { display: block !important; }<\/style><\/noscript><style type=\"text\/css\">.easingslider-18 .easingslider-arrows { }.easingslider-18 .easingslider-next { background-image: url(http:\/\/centrodeuroginecologia.com\/wp-content\/plugins\/easing-slider\/images\/nav-arrow-next.png); }.easingslider-18 .easingslider-prev { background-image: url(http:\/\/centrodeuroginecologia.com\/wp-content\/plugins\/easing-slider\/images\/nav-arrow-prev.png); }.easingslider-18 .easingslider-icon { background-image: url(http:\/\/centrodeuroginecologia.com\/wp-content\/plugins\/easing-slider\/images\/nav-icon-inactive.png); }.easingslider-18 .easingslider-icon.active { background-image: url(http:\/\/centrodeuroginecologia.com\/wp-content\/plugins\/easing-slider\/images\/nav-icon-active.png); }<\/style><div class=\"easingslider easingslider-18 no-js use-fade\" data-options=\"{&quot;general&quot;:{&quot;randomize&quot;:false},&quot;dimensions&quot;:{&quot;width&quot;:&quot;&quot;,&quot;height&quot;:&quot;&quot;,&quot;responsive&quot;:true,&quot;full_width&quot;:true,&quot;image_resizing&quot;:false,&quot;keep_ratio&quot;:false,&quot;background_images&quot;:true},&quot;transitions&quot;:{&quot;effect&quot;:&quot;fade&quot;,&quot;duration&quot;:400},&quot;navigation&quot;:{&quot;arrows&quot;:false,&quot;arrows_hover&quot;:false,&quot;arrows_position&quot;:&quot;inside&quot;,&quot;pagination&quot;:false,&quot;pagination_hover&quot;:false,&quot;pagination_position&quot;:&quot;inside&quot;,&quot;pagination_location&quot;:&quot;bottom-center&quot;},&quot;playback&quot;:{&quot;enabled&quot;:true,&quot;pause&quot;:4000}}\" style=\"max-width: 100% !important; max-height: px !important;\"><div class=\"easingslider-preload\"><\/div><div class=\"easingslider-viewport\" style=\"height: px;max-height: px;\"><div class=\"easingslider-slide easingslider-slide-1 easingslider-image-slide\" style=\"-webkit-animation-duration: 400ms; -moz-animation-duration: 400ms; -ms-animation-duration: 400ms; -o-animation-duration: 400ms; animation-duration: 400ms;\"><img decoding=\"async\" src=\"https:\/\/centrodeuroginecologia.com\/wp-content\/uploads\/2018\/01\/VAR-213411.jpg\" title=\"\" alt=\"\" class=\"easingslider-image\" \/><\/div><div class=\"easingslider-slide easingslider-slide-2 easingslider-image-slide\" style=\"-webkit-animation-duration: 400ms; -moz-animation-duration: 400ms; -ms-animation-duration: 400ms; -o-animation-duration: 400ms; animation-duration: 400ms;\"><img decoding=\"async\" src=\"https:\/\/centrodeuroginecologia.com\/wp-content\/uploads\/2018\/01\/VAR-22111.jpg\" title=\"\" alt=\"\" class=\"easingslider-image\" \/><\/div><div class=\"easingslider-slide easingslider-slide-3 easingslider-image-slide\" style=\"-webkit-animation-duration: 400ms; -moz-animation-duration: 400ms; -ms-animation-duration: 400ms; -o-animation-duration: 400ms; animation-duration: 400ms;\"><img decoding=\"async\" src=\"https:\/\/centrodeuroginecologia.com\/wp-content\/uploads\/2018\/01\/VAR-22011.jpg\" title=\"\" alt=\"\" class=\"easingslider-image\" \/><\/div><div class=\"easingslider-slide easingslider-slide-4 easingslider-image-slide\" style=\"-webkit-animation-duration: 400ms; -moz-animation-duration: 400ms; -ms-animation-duration: 400ms; -o-animation-duration: 400ms; animation-duration: 400ms;\"><img decoding=\"async\" src=\"https:\/\/centrodeuroginecologia.com\/wp-content\/uploads\/2018\/01\/VAR-21101.jpg\" title=\"\" alt=\"\" class=\"easingslider-image\" \/><\/div><div class=\"easingslider-slide easingslider-slide-5 easingslider-image-slide\" style=\"-webkit-animation-duration: 400ms; -moz-animation-duration: 400ms; -ms-animation-duration: 400ms; -o-animation-duration: 400ms; animation-duration: 400ms;\"><img decoding=\"async\" src=\"https:\/\/centrodeuroginecologia.com\/wp-content\/uploads\/2018\/01\/VAR-1993-v1.jpg\" title=\"\" alt=\"\" class=\"easingslider-image\" \/><\/div><div class=\"easingslider-slide easingslider-slide-6 easingslider-image-slide\" style=\"-webkit-animation-duration: 400ms; -moz-animation-duration: 400ms; -ms-animation-duration: 400ms; -o-animation-duration: 400ms; animation-duration: 400ms;\"><img decoding=\"async\" src=\"https:\/\/centrodeuroginecologia.com\/wp-content\/uploads\/2018\/01\/VAR-222711.jpg\" title=\"\" alt=\"\" class=\"easingslider-image\" \/><\/div><\/div><\/div><\/div>\n<div class=\"office-hours col-lg-3 col-md-3 col-sm-3\" style=\"height: 418px;\"><a href=\"https:\/\/centrodeuroginecologia.com\/en\/femilift\/\"><img decoding=\"async\" style=\"border-bottom: 1px solid #2b2f5a; border-right: 1px solid #2b2f5a; border-left: 1px solid #2b2f5a;\" src=\"https:\/\/centrodeuroginecologia.com\/wp-content\/uploads\/2018\/06\/femilifthomeeng.png\" alt=\"Femilift\" width=\"100%\" height=\"276\"><\/a><a href=\"https:\/\/centrodeuroginecologia.com\/en\/fisioterapia-de-suelo-pelvico\/\"><br \/>\n<img decoding=\"async\" style=\"border-right: 1px solid #2b2f5a; border-left: 1px solid #2b2f5a;\" src=\"https:\/\/centrodeuroginecologia.com\/wp-content\/uploads\/2018\/06\/fisioterapiasuelopelvicoNingles-1.png\" alt=\"\" width=\"100%\" height=\"142\"><\/a><\/div>\n<\/div>\n<div class=\"col-lg-3 col-md-3 col-sm-12\" style=\"text-align: center; background-color: #eaebeb; padding: 20px;\"><a href=\"https:\/\/centrodeuroginecologia.com\/en\/testimonios\/\" target=\"_BLANK\" rel=\"noopener\"><button class=\"btn btn-primary\" style=\"width: 80%; padding: 10px; background-color: #2b2f5a; border-color: #2b2f5a;\" type=\"button\"><br \/>\nREVIEWS<br \/>\n&nbsp;<\/button><\/a><\/div>\n<div class=\"col-lg-6 col-md-6 col-sm-12 lft-n\" style=\"padding-left: 0px; padding-right: 0px; font-style: italic; color: #2b2f5a;\"><div class=\"testimonials-widget-testimonials testimonials-widget-testimonials100000\">\n<div class=\"testimonials-widget-testimonial post-279 testimonials-widget type-testimonials-widget status-publish category-testimonios\" style=\"\">\n<!-- testimonials-widget-testimonials:279: -->\n\t\t<blockquote><span class=\"open-quote\"><\/span>Excelente atenci\u00f3n y personalizada en el d\u00eda de ayer tuve mi primera cita y sal\u00ed muy satisfecha.<span class=\"close-quote\"><\/span><\/blockquote>\n\t\t\t<div class=\"credit\"><span class=\"author\">ycarrera1479 - Instagram<\/span><\/div>\n\t<\/div>\n<div class=\"testimonials-widget-testimonial post-582 testimonials-widget type-testimonials-widget status-publish category-testimonios\" style=\"display: none;\">\n<!-- testimonials-widget-testimonials:582: -->\n\t\t<blockquote><span class=\"open-quote\"><\/span>Gracias Dr Zebede mi recuperacion excelente despues de su intervencion quirurgica.\r\nDoy gracias a Dios por haberlo puesto en mi camino a este gran profesional.<span class=\"close-quote\"><\/span><\/blockquote>\n\t\t\t<div class=\"credit\"><span class=\"author\">Loly Larios - Facebook<\/span><\/div>\n\t<\/div>\n<div class=\"testimonials-widget-testimonial post-580 testimonials-widget type-testimonials-widget status-publish category-testimonios\" style=\"display: none;\">\n<!-- testimonials-widget-testimonials:580: -->\n\t\t<blockquote><span class=\"open-quote\"><\/span>Estaba sufriendo de tener que usar protectores cada vez mas gruesos para q me retuviera esta desagradable situacion. Hoy ya casi a un a\u00f1o de haberme acercado y puesto en manos del Dr. Zebede he encon\u2026<span class=\"close-quote\"><\/span><\/blockquote>\n\t\t\t<div class=\"credit\"><span class=\"author\">Margoth Contreras - Facebook<\/span><\/div>\n\t<\/div>\n<div class=\"testimonials-widget-testimonial post-577 testimonials-widget type-testimonials-widget status-publish category-testimonio-multimedia\" style=\"display: none;\">\n<!-- testimonials-widget-testimonials:577: -->\n\t\t<blockquote><span class=\"open-quote\"><\/span><center><div style=\"width: 660px;\" class=\"wp-video\"><video class=\"wp-video-shortcode\" id=\"video-19-1\" width=\"660\" height=\"371\" preload=\"metadata\" controls=\"controls\"><source type=\"video\/mp4\" src=\"https:\/\/centrodeuroginecologia.com\/wp-content\/uploads\/2018\/06\/testimonio.mp4?_=1\" \/><a href=\"https:\/\/centrodeuroginecologia.com\/wp-content\/uploads\/2018\/06\/testimonio.mp4\">https:\/\/centrodeuroginecologia.com\/wp-content\/uploads\/2018\/06\/testimonio.mp4<\/a><\/video><\/div><\/center><span class=\"close-quote\"><\/span><\/blockquote>\n\t\t\t<div class=\"credit\"><span class=\"author\">Irene Batista<\/span><\/div>\n\t<\/div>\n<div class=\"testimonials-widget-testimonial post-262 testimonials-widget type-testimonials-widget status-publish category-testimonios\" style=\"display: none;\">\n<!-- testimonials-widget-testimonials:262: -->\n\t\t<blockquote><span class=\"open-quote\"><\/span>Atenci\u00f3n de primera muy buen m\u00e9dico.<span class=\"close-quote\"><\/span><\/blockquote>\n\t\t\t<div class=\"credit\"><span class=\"author\">dianag_0313 - Instagram<\/span><\/div>\n\t<\/div>\n<div class=\"testimonials-widget-testimonial post-581 testimonials-widget type-testimonials-widget status-publish category-testimonios\" style=\"display: none;\">\n<!-- testimonials-widget-testimonials:581: -->\n\t\t<blockquote><span class=\"open-quote\"><\/span>Quiero agradecer a Dios por haberme puesto en mi camino al mejor del mejor a mi Dr Salomon Zebede, mil gracias Dr. Gracias por todo su apoyo, usted no se imagina lo feliz que me he siento luego de mi \u2026<span class=\"close-quote\"><\/span><\/blockquote>\n\t\t\t<div class=\"credit\"><span class=\"author\">Orquidia Delgado - Facebook<\/span><\/div>\n\t<\/div>\n<\/div>\n<\/div>\n<div class=\"col-lg-3 col-md-3 col-sm-12\" style=\"text-align: center; background-color: #eaebeb; padding: 20px;\"><a href=\"https:\/\/www.cliniweb.com\/citas\/salomon-zebede\" target=\"_BLANK\" rel=\"noopener\"><button class=\"btn btn-primary\" style=\"width: 80%; padding: 10px; background-color: #2b2f5a; border-color: #2b2f5a;\" type=\"button\"><br \/>\nREQUEST AN APPOINTMENT<\/button><\/a><\/div>\n<div class=\"col-lg-6 col-md-6 col-sm-6 col-xs-12\" style=\"text-align: center; padding: 30px;\">\n<div style=\"width: 640px;\" class=\"wp-video\"><video class=\"wp-video-shortcode\" id=\"video-19-2\" width=\"640\" height=\"360\" poster=\"https:\/\/centrodeuroginecologia.com\/wp-content\/uploads\/2018\/06\/Screen-Shot-2018-06-26-at-11.43.21.png\" preload=\"metadata\" controls=\"controls\"><source type=\"video\/mp4\" src=\"https:\/\/centrodeuroginecologia.com\/wp-content\/uploads\/2018\/06\/TIPS.mp4?_=2\" \/><a href=\"https:\/\/centrodeuroginecologia.com\/wp-content\/uploads\/2018\/06\/TIPS.mp4\">https:\/\/centrodeuroginecologia.com\/wp-content\/uploads\/2018\/06\/TIPS.mp4<\/a><\/video><\/div>\n<\/div>\n<div class=\"col-lg-6 col-md-6 col-sm-6 col-xs-12\" style=\"text-align: center; padding: 30px;\">\n<div style=\"width: 640px;\" class=\"wp-video\"><video class=\"wp-video-shortcode\" id=\"video-19-3\" width=\"640\" height=\"360\" poster=\"https:\/\/centrodeuroginecologia.com\/wp-content\/uploads\/2018\/06\/Screen-Shot-2018-06-26-at-11.36.35.png\" preload=\"metadata\" controls=\"controls\"><source type=\"video\/mp4\" src=\"https:\/\/centrodeuroginecologia.com\/wp-content\/uploads\/2018\/06\/TIPS2.mp4?_=3\" \/><a href=\"https:\/\/centrodeuroginecologia.com\/wp-content\/uploads\/2018\/06\/TIPS2.mp4\">https:\/\/centrodeuroginecologia.com\/wp-content\/uploads\/2018\/06\/TIPS2.mp4<\/a><\/video><\/div>\n<\/div>\n<p><\/p>","protected":false},"excerpt":{"rendered":"<p>REVIEWS &nbsp; REQUEST AN APPOINTMENT<\/p>\n","protected":false},"author":1,"featured_media":0,"parent":0,"menu_order":0,"comment_status":"closed","ping_status":"closed","template":"","meta":{"ngg_post_thumbnail":0,"footnotes":""},"class_list":["post-19","page","type-page","status-publish","hentry"],"aioseo_notices":[],"_links":{"self":[{"href":"https:\/\/centrodeuroginecologia.com\/en\/wp-json\/wp\/v2\/pages\/19","targetHints":{"allow":["GET"]}}],"collection":[{"href":"https:\/\/centrodeuroginecologia.com\/en\/wp-json\/wp\/v2\/pages"}],"about":[{"href":"https:\/\/centrodeuroginecologia.com\/en\/wp-json\/wp\/v2\/types\/page"}],"author":[{"embeddable":true,"href":"https:\/\/centrodeuroginecologia.com\/en\/wp-json\/wp\/v2\/users\/1"}],"replies":[{"embeddable":true,"href":"https:\/\/centrodeuroginecologia.com\/en\/wp-json\/wp\/v2\/comments?post=19"}],"version-history":[{"count":92,"href":"https:\/\/centrodeuroginecologia.com\/en\/wp-json\/wp\/v2\/pages\/19\/revisions"}],"predecessor-version":[{"id":658,"href":"https:\/\/centrodeuroginecologia.com\/en\/wp-json\/wp\/v2\/pages\/19\/revisions\/658"}],"wp:attachment":[{"href":"https:\/\/centrodeuroginecologia.com\/en\/wp-json\/wp\/v2\/media?parent=19"}],"curies":[{"name":"wp","href":"https:\/\/api.w.org\/{rel}","templated":true}]}}