{"id":404,"date":"2018-06-24T00:31:54","date_gmt":"2018-06-24T00:31:54","guid":{"rendered":"https:\/\/centrodeuroginecologia.com\/?page_id=404"},"modified":"2018-06-27T12:52:10","modified_gmt":"2018-06-27T17:52:10","slug":"testimonios","status":"publish","type":"page","link":"https:\/\/centrodeuroginecologia.com\/en\/testimonios\/","title":{"rendered":"REVIEWS"},"content":{"rendered":"<p><\/p>\n<style>\n.inner p{\n  color:#2b2f5a;\n  font-style:italic;\n}\nblockquote{\n    padding: 10px 20px 0px;\n    margin: 10px 0 0px;\n    font-size: 17.5px;\n    border-left: 0px solid black;\n    text-align: center;\n    font-style:italic;\n    color:#2b2f5a;\n}\n.credit{\n  color:gray;\n  margin-right: 10%;\n}\n.testimonials-widget-testimonial.list {\n    background-color: #EFEFEF;\n}\n<\/style>\n<p><div class=\"testimonials-widget-testimonials listing\">\n<div class=\"testimonials-widget-testimonial list post-582 testimonials-widget type-testimonials-widget status-publish category-testimonios\" style=\"\">\n<!-- testimonials-widget-testimonials:582: -->\n\t\t<blockquote><p><span class=\"open-quote\"><\/span>Gracias Dr Zebede mi recuperacion excelente despues de su intervencion quirurgica.<br \/>\nDoy gracias a Dios por haberlo puesto en mi camino a este gran profesional.<span class=\"close-quote\"><\/span><\/p>\n<\/blockquote>\n\t\t\t<div class=\"credit\"><span class=\"author\">Loly Larios - Facebook<\/span><\/div>\n\t<\/div>\n<div class=\"testimonials-widget-testimonial list post-581 testimonials-widget type-testimonials-widget status-publish category-testimonios\" style=\"\">\n<!-- testimonials-widget-testimonials:581: -->\n\t\t<blockquote><p><span class=\"open-quote\"><\/span>Quiero agradecer a Dios por haberme puesto en mi camino al mejor del mejor a mi Dr Salomon Zebede, mil gracias Dr. Gracias por todo su apoyo, usted no se imagina lo feliz que me he siento luego de mi cirugia le pido a Dios que me lo guarde que me lo bendiga y me le conseda muchisimos a\u00f1os de vida y abundante salud, para que siga ayudando a muchas personas mas.<br \/>\nLo recomiendo, y la atencion es super excelente.<span class=\"close-quote\"><\/span><\/p>\n<\/blockquote>\n\t\t\t<div class=\"credit\"><span class=\"author\">Orquidia Delgado - Facebook<\/span><\/div>\n\t<\/div>\n<div class=\"testimonials-widget-testimonial list post-580 testimonials-widget type-testimonials-widget status-publish category-testimonios\" style=\"\">\n<!-- testimonials-widget-testimonials:580: -->\n\t\t<blockquote><p><span class=\"open-quote\"><\/span>Estaba sufriendo de tener que usar protectores cada vez mas gruesos para q me retuviera esta desagradable situacion. Hoy ya casi a un a\u00f1o de haberme acercado y puesto en manos del Dr. Zebede he encontrado la solucion total. Escucho a muchas mujeres con este problema y la verdad q recomiendo al D. Zebede para q encuentren el alivio final a la incontinencia urinaria. Gracias Dios por ponerme al Dr en mi camino. Saludos.<span class=\"close-quote\"><\/span><\/p>\n<\/blockquote>\n\t\t\t<div class=\"credit\"><span class=\"author\">Margoth Contreras - Facebook<\/span><\/div>\n\t<\/div>\n<div class=\"testimonials-widget-testimonial list post-577 testimonials-widget type-testimonials-widget status-publish category-testimonio-multimedia\" style=\"\">\n<!-- testimonials-widget-testimonials:577: -->\n\t\t<blockquote><p><span class=\"open-quote\"><\/span><center><div style=\"width: 660px;\" class=\"wp-video\"><video class=\"wp-video-shortcode\" id=\"video-404-1\" width=\"660\" height=\"371\" preload=\"metadata\" controls=\"controls\"><source type=\"video\/mp4\" src=\"https:\/\/centrodeuroginecologia.com\/wp-content\/uploads\/2018\/06\/testimonio.mp4?_=1\" \/><a href=\"https:\/\/centrodeuroginecologia.com\/wp-content\/uploads\/2018\/06\/testimonio.mp4\">https:\/\/centrodeuroginecologia.com\/wp-content\/uploads\/2018\/06\/testimonio.mp4<\/a><\/video><\/div><\/center><span class=\"close-quote\"><\/span><\/p>\n<\/blockquote>\n\t\t\t<div class=\"credit\"><span class=\"author\">Irene Batista<\/span><\/div>\n\t<\/div>\n<div class=\"testimonials-widget-testimonial list post-279 testimonials-widget type-testimonials-widget status-publish category-testimonios\" style=\"\">\n<!-- testimonials-widget-testimonials:279: -->\n\t\t<blockquote><p><span class=\"open-quote\"><\/span>Excelente atenci\u00f3n y personalizada en el d\u00eda de ayer tuve mi primera cita y sal\u00ed muy satisfecha.<span class=\"close-quote\"><\/span><\/p>\n<\/blockquote>\n\t\t\t<div class=\"credit\"><span class=\"author\">ycarrera1479 - Instagram<\/span><\/div>\n\t<\/div>\n<div class=\"testimonials-widget-testimonial list post-262 testimonials-widget type-testimonials-widget status-publish category-testimonios\" style=\"\">\n<!-- testimonials-widget-testimonials:262: -->\n\t\t<blockquote><p><span class=\"open-quote\"><\/span>Atenci\u00f3n de primera muy buen m\u00e9dico.<span class=\"close-quote\"><\/span><\/p>\n<\/blockquote>\n\t\t\t<div class=\"credit\"><span class=\"author\">dianag_0313 - Instagram<\/span><\/div>\n\t<\/div>\n<\/div>\n<\/p>","protected":false},"excerpt":{"rendered":"","protected":false},"author":1,"featured_media":0,"parent":0,"menu_order":0,"comment_status":"closed","ping_status":"closed","template":"","meta":{"ngg_post_thumbnail":0,"footnotes":""},"class_list":["post-404","page","type-page","status-publish","hentry"],"aioseo_notices":[],"_links":{"self":[{"href":"https:\/\/centrodeuroginecologia.com\/en\/wp-json\/wp\/v2\/pages\/404","targetHints":{"allow":["GET"]}}],"collection":[{"href":"https:\/\/centrodeuroginecologia.com\/en\/wp-json\/wp\/v2\/pages"}],"about":[{"href":"https:\/\/centrodeuroginecologia.com\/en\/wp-json\/wp\/v2\/types\/page"}],"author":[{"embeddable":true,"href":"https:\/\/centrodeuroginecologia.com\/en\/wp-json\/wp\/v2\/users\/1"}],"replies":[{"embeddable":true,"href":"https:\/\/centrodeuroginecologia.com\/en\/wp-json\/wp\/v2\/comments?post=404"}],"version-history":[{"count":11,"href":"https:\/\/centrodeuroginecologia.com\/en\/wp-json\/wp\/v2\/pages\/404\/revisions"}],"predecessor-version":[{"id":599,"href":"https:\/\/centrodeuroginecologia.com\/en\/wp-json\/wp\/v2\/pages\/404\/revisions\/599"}],"wp:attachment":[{"href":"https:\/\/centrodeuroginecologia.com\/en\/wp-json\/wp\/v2\/media?parent=404"}],"curies":[{"name":"wp","href":"https:\/\/api.w.org\/{rel}","templated":true}]}}